{"id":403,"date":"2019-07-15T01:56:26","date_gmt":"2019-07-15T01:56:26","guid":{"rendered":"http:\/\/daosafe.com\/?page_id=403"},"modified":"2024-03-27T14:21:05","modified_gmt":"2024-03-27T06:21:05","slug":"warranty-policy","status":"publish","type":"page","link":"https:\/\/www.daosafe.com\/es\/warranty-policy\/","title":{"rendered":"P\u00f3liza de garant\u00eda"},"content":{"rendered":"<div data-elementor-type=\"wp-post\" data-elementor-id=\"403\" class=\"elementor elementor-403\" data-elementor-post-type=\"page\">\n\t\t\t\t\t\t<section class=\"elementor-section elementor-top-section elementor-element elementor-element-464d5f0 elementor-section-height-min-height elementor-section-boxed elementor-section-height-default elementor-section-items-middle\" data-id=\"464d5f0\" data-element_type=\"section\" data-e-type=\"section\" data-settings=\"{&quot;background_background&quot;:&quot;classic&quot;,&quot;shape_divider_bottom&quot;:&quot;opacity-tilt&quot;}\">\n\t\t\t\t\t\t\t<div class=\"elementor-background-overlay\"><\/div>\n\t\t\t\t\t\t<div class=\"elementor-shape elementor-shape-bottom\" aria-hidden=\"true\" data-negative=\"false\">\n\t\t\t<svg xmlns=\"http:\/\/www.w3.org\/2000\/svg\" viewbox=\"0 0 2600 131.1\" preserveaspectratio=\"none\">\n\t<path class=\"elementor-shape-fill\" d=\"M0 0L2600 0 2600 69.1 0 0z\"\/>\n\t<path class=\"elementor-shape-fill\" style=\"opacity:0.5\" d=\"M0 0L2600 0 2600 69.1 0 69.1z\"\/>\n\t<path class=\"elementor-shape-fill\" style=\"opacity:0.25\" d=\"M2600 0L0 0 0 130.1 2600 69.1z\"\/>\n<\/svg>\t\t<\/div>\n\t\t\t\t\t<div class=\"elementor-container elementor-column-gap-default\">\n\t\t\t\t\t<div class=\"elementor-column elementor-col-100 elementor-top-column elementor-element elementor-element-ad67bb2\" data-id=\"ad67bb2\" data-element_type=\"column\" data-e-type=\"column\">\n\t\t\t<div class=\"elementor-widget-wrap elementor-element-populated\">\n\t\t\t\t\t\t<div class=\"elementor-element elementor-element-6a01e50 elementor-widget elementor-widget-heading\" data-id=\"6a01e50\" data-element_type=\"widget\" data-e-type=\"widget\" data-widget_type=\"heading.default\">\n\t\t\t\t<div class=\"elementor-widget-container\">\n\t\t\t\t\t<h1 class=\"elementor-heading-title elementor-size-default\">P\u00f3liza de garant\u00eda<\/h1>\t\t\t\t<\/div>\n\t\t\t\t<\/div>\n\t\t\t\t\t<\/div>\n\t\t<\/div>\n\t\t\t\t\t<\/div>\n\t\t<\/section>\n\t\t\t\t<section class=\"elementor-section elementor-top-section elementor-element elementor-element-f15624b elementor-section-boxed elementor-section-height-default elementor-section-height-default\" data-id=\"f15624b\" data-element_type=\"section\" data-e-type=\"section\" data-settings=\"{&quot;background_background&quot;:&quot;classic&quot;}\">\n\t\t\t\t\t\t<div class=\"elementor-container elementor-column-gap-default\">\n\t\t\t\t\t<div class=\"elementor-column elementor-col-100 elementor-top-column elementor-element elementor-element-837b7be\" data-id=\"837b7be\" data-element_type=\"column\" data-e-type=\"column\">\n\t\t\t<div class=\"elementor-widget-wrap elementor-element-populated\">\n\t\t\t\t\t\t<div class=\"elementor-element elementor-element-a797c7a elementor-widget elementor-widget-heading\" data-id=\"a797c7a\" data-element_type=\"widget\" data-e-type=\"widget\" data-widget_type=\"heading.default\">\n\t\t\t\t<div class=\"elementor-widget-container\">\n\t\t\t\t\t<h2 class=\"elementor-heading-title elementor-size-default\">Daosafe ofrece 3 a\u00f1os de garant\u00eda gratis<\/h2>\t\t\t\t<\/div>\n\t\t\t\t<\/div>\n\t\t\t\t<div class=\"elementor-element elementor-element-7ac97b8 elementor-widget elementor-widget-text-editor\" data-id=\"7ac97b8\" data-element_type=\"widget\" data-e-type=\"widget\" data-widget_type=\"text-editor.default\">\n\t\t\t\t<div class=\"elementor-widget-container\">\n\t\t\t\t\t\t\t\t\t<p>Durante el per\u00edodo de garant\u00eda, si hay alg\u00fan problema, haremos todo lo posible para brindarle servicios satisfactorios. Para asegurarse de recibir todos los beneficios de la garant\u00eda del producto, lea atentamente las siguientes partes:<\/p><p>Certificamos de la siguiente manera:<\/p><p><strong>Per\u00edodo de garant\u00eda:<\/strong><br \/>El per\u00edodo de garant\u00eda del Torniquete es de 3 a\u00f1os a partir de la fecha de entrega en el conocimiento de embarque.<\/p><p><strong>Rango de garant\u00eda:\u00a0<\/strong><br \/>Todos los productos son vendidos por DAOSAFE:<br \/>A) Suministrar diversos materiales consumibles;<br \/>B) Peri\u00f3dicamente realizar inspecci\u00f3n por correo electr\u00f3nico o llamadas telef\u00f3nicas y brindar asesoramiento y mantenimiento;<br \/>C) Las piezas defectuosas pueden devolverse a la f\u00e1brica para ser reparadas o reemplazadas;<br \/>D) Se proporcionar\u00e1 mantenimiento de por vida una vez que expire el per\u00edodo de garant\u00eda de 3 a\u00f1os.<\/p><p><strong>El rango de garant\u00eda no incluye lo siguiente:<\/strong><br \/>El costo de las piezas de desgaste no est\u00e1 cubierto por la garant\u00eda;<br \/>No repare fallas causadas por da\u00f1os f\u00edsicos, operaci\u00f3n incorrecta, cambios no autorizados en el producto e intente reparar u otros desastres naturales o provocados por el hombre.<\/p><p>Para cualquier hallazgo, comun\u00edquese con los siguientes n\u00fameros: +86-755-21017409<\/p>\t\t\t\t\t\t\t\t<\/div>\n\t\t\t\t<\/div>\n\t\t\t\t\t<\/div>\n\t\t<\/div>\n\t\t\t\t\t<\/div>\n\t\t<\/section>\n\t\t\t\t<section class=\"elementor-section elementor-top-section elementor-element elementor-element-34aa450 elementor-section-boxed elementor-section-height-default elementor-section-height-default\" data-id=\"34aa450\" data-element_type=\"section\" data-e-type=\"section\" data-settings=\"{&quot;background_background&quot;:&quot;classic&quot;,&quot;shape_divider_top&quot;:&quot;waves&quot;}\">\n\t\t\t\t\t<div class=\"elementor-shape elementor-shape-top\" aria-hidden=\"true\" data-negative=\"false\">\n\t\t\t<svg xmlns=\"http:\/\/www.w3.org\/2000\/svg\" viewbox=\"0 0 1000 100\" preserveaspectratio=\"none\">\n\t<path class=\"elementor-shape-fill\" d=\"M421.9,6.5c22.6-2.5,51.5,0.4,75.5,5.3c23.6,4.9,70.9,23.5,100.5,35.7c75.8,32.2,133.7,44.5,192.6,49.7\tc23.6,2.1,48.7,3.5,103.4-2.5c54.7-6,106.2-25.6,106.2-25.6V0H0v30.3c0,0,72,32.6,158.4,30.5c39.2-0.7,92.8-6.7,134-22.4\tc21.2-8.1,52.2-18.2,79.7-24.2C399.3,7.9,411.6,7.5,421.9,6.5z\"\/>\n<\/svg>\t\t<\/div>\n\t\t\t\t\t<div class=\"elementor-container elementor-column-gap-default\">\n\t\t\t\t\t<div class=\"elementor-column elementor-col-100 elementor-top-column elementor-element elementor-element-2ce7738\" data-id=\"2ce7738\" data-element_type=\"column\" data-e-type=\"column\">\n\t\t\t<div class=\"elementor-widget-wrap elementor-element-populated\">\n\t\t\t\t\t\t<div class=\"elementor-element elementor-element-860c1b3 uael-heading-align-center elementor-widget elementor-widget-uael-advanced-heading\" data-id=\"860c1b3\" data-element_type=\"widget\" data-e-type=\"widget\" data-widget_type=\"uael-advanced-heading.default\">\n\t\t\t\t<div class=\"elementor-widget-container\">\n\t\t\t\t\t\n\t\t<div class=\"uael-module-content uael-heading-wrapper\">\n\t\t\t\t\t\t\n\t\t\t<h3 class=\"uael-heading\">\n\t\t\t\t\t\t\t\t\t\t<span class=\"uael-heading-text elementor-inline-editing uael-size--default\" data-elementor-setting-key=\"heading_title\" data-elementor-inline-editing-toolbar=\"basic\">Cont\u00e1ctenos para asistencia en el dise\u00f1o y asesoramiento de expertos.<\/span>\n\t\t\t\t\t\t\t<\/h3>\n\n\t\t\t\n\t\t\t\n\t\t\t\n\t\t\t\t\t\t<\/div>\n\t\t\t\t\t\t<\/div>\n\t\t\t\t<\/div>\n\t\t\t\t<div class=\"elementor-element elementor-element-654c979 elementor-align-center uael-mbutton-text-center elementor-widget elementor-widget-uael-marketing-button\" data-id=\"654c979\" data-element_type=\"widget\" data-e-type=\"widget\" data-settings=\"{&quot;icon_size&quot;:{&quot;unit&quot;:&quot;px&quot;,&quot;size&quot;:18,&quot;sizes&quot;:[]},&quot;icon_indent&quot;:{&quot;unit&quot;:&quot;px&quot;,&quot;size&quot;:8,&quot;sizes&quot;:[]},&quot;title_margin_bottom&quot;:{&quot;unit&quot;:&quot;px&quot;,&quot;size&quot;:10,&quot;sizes&quot;:[]},&quot;padding&quot;:{&quot;unit&quot;:&quot;px&quot;,&quot;top&quot;:&quot;15&quot;,&quot;right&quot;:&quot;30&quot;,&quot;bottom&quot;:&quot;15&quot;,&quot;left&quot;:&quot;30&quot;,&quot;isLinked&quot;:false},&quot;icon_size_tablet&quot;:{&quot;unit&quot;:&quot;px&quot;,&quot;size&quot;:&quot;&quot;,&quot;sizes&quot;:[]},&quot;icon_size_mobile&quot;:{&quot;unit&quot;:&quot;px&quot;,&quot;size&quot;:&quot;&quot;,&quot;sizes&quot;:[]},&quot;icon_indent_tablet&quot;:{&quot;unit&quot;:&quot;px&quot;,&quot;size&quot;:&quot;&quot;,&quot;sizes&quot;:[]},&quot;icon_indent_mobile&quot;:{&quot;unit&quot;:&quot;px&quot;,&quot;size&quot;:&quot;&quot;,&quot;sizes&quot;:[]},&quot;align&quot;:&quot;center&quot;,&quot;padding_tablet&quot;:{&quot;unit&quot;:&quot;px&quot;,&quot;top&quot;:&quot;&quot;,&quot;right&quot;:&quot;&quot;,&quot;bottom&quot;:&quot;&quot;,&quot;left&quot;:&quot;&quot;,&quot;isLinked&quot;:true},&quot;padding_mobile&quot;:{&quot;unit&quot;:&quot;px&quot;,&quot;top&quot;:&quot;&quot;,&quot;right&quot;:&quot;&quot;,&quot;bottom&quot;:&quot;&quot;,&quot;left&quot;:&quot;&quot;,&quot;isLinked&quot;:true},&quot;title_margin_bottom_tablet&quot;:{&quot;unit&quot;:&quot;px&quot;,&quot;size&quot;:&quot;&quot;,&quot;sizes&quot;:[]},&quot;title_margin_bottom_mobile&quot;:{&quot;unit&quot;:&quot;px&quot;,&quot;size&quot;:&quot;&quot;,&quot;sizes&quot;:[]}}\" data-widget_type=\"uael-marketing-button.default\">\n\t\t\t\t<div class=\"elementor-widget-container\">\n\t\t\t\t\t\t\t<div class=\"uael-marketing-button elementor-widget-button\">\n\t\t\t<div class=\"uael-button-wrapper\">\n\t\t\t\t<a class=\"elementor-button-link elementor-button elementor-size-md uael-marketing-buttons-left\" href=\"#elementor-action%3Aaction%3Dpopup%3Aopen%26settings%3DeyJpZCI6IjExMDciLCJ0b2dnbGUiOmZhbHNlfQ%3D%3D\">\n\t\t\t\t\t\t\t\t\t\t\t\t\t<span class=\"uael-marketing-buttons-wrap\">\n\t\t\t<span class=\"elementor-button-content-wrapper uael-buttons-icon-left\">\n\t\t\t\t\t\t\t\t\t\n\t\t\t\t<span class=\"elementor-align-icon-left elementor-button-icon\">\n\n\t\t\t\t\t<i aria-hidden=\"true\" class=\"far fa-comment-dots\"><\/i>\n\t\t\t\t<\/span>\n\t\t\t\t\t\t\t\t\t\t\t\t\t<span class=\"elementor-button-text uael-marketing-button-title elementor-inline-editing\" data-elementor-setting-key=\"text\" data-elementor-inline-editing-toolbar=\"none\">Cont\u00e1ctanos ahora<\/span>\n\t\t\t<\/span>\n\t\t\t\t\t\t\t<span class=\"uael-marketing-button-desc elementor-inline-editing\" data-elementor-setting-key=\"desc_text\" data-elementor-inline-editing-toolbar=\"none\">Obtenga una respuesta r\u00e1pida<\/span>\n\t\t\t\t\t<\/span>\n\t\t\t\t\t\t<\/a>\n\t\t\t<\/div>\n\t\t<\/div>\n\t\t\t\t\t\t<\/div>\n\t\t\t\t<\/div>\n\t\t\t\t\t<\/div>\n\t\t<\/div>\n\t\t\t\t\t<\/div>\n\t\t<\/section>\n\t\t\t\t<\/div>","protected":false},"excerpt":{"rendered":"<p>Warranty Policy Daosafe offer 3 years free warranty During the warranty period, if any problem, we will make every effort to provide you with satisfactory services. To ensure you receive your full product warranty benefits, please read the following parts carefully: We certify as below: Warranty Period:The warranty period of the Turnstile is 3 years [&hellip;]<\/p>\n","protected":false},"author":1,"featured_media":0,"parent":0,"menu_order":0,"comment_status":"closed","ping_status":"closed","template":"","meta":{"site-sidebar-layout":"no-sidebar","site-content-layout":"page-builder","ast-site-content-layout":"default","site-content-style":"default","site-sidebar-style":"default","ast-global-header-display":"","ast-banner-title-visibility":"","ast-main-header-display":"","ast-hfb-above-header-display":"","ast-hfb-below-header-display":"","ast-hfb-mobile-header-display":"","site-post-title":"disabled","ast-breadcrumbs-content":"","ast-featured-img":"disabled","footer-sml-layout":"","ast-disable-related-posts":"","theme-transparent-header-meta":"enabled","adv-header-id-meta":"","stick-header-meta":"enabled","header-above-stick-meta":"","header-main-stick-meta":"on","header-below-stick-meta":"","astra-migrate-meta-layouts":"default","ast-page-background-enabled":"default","ast-page-background-meta":{"desktop":{"background-color":"","background-image":"","background-repeat":"repeat","background-position":"center center","background-size":"auto","background-attachment":"scroll","background-type":"","background-media":"","overlay-type":"","overlay-color":"","overlay-opacity":"","overlay-gradient":""},"tablet":{"background-color":"","background-image":"","background-repeat":"repeat","background-position":"center center","background-size":"auto","background-attachment":"scroll","background-type":"","background-media":"","overlay-type":"","overlay-color":"","overlay-opacity":"","overlay-gradient":""},"mobile":{"background-color":"","background-image":"","background-repeat":"repeat","background-position":"center center","background-size":"auto","background-attachment":"scroll","background-type":"","background-media":"","overlay-type":"","overlay-color":"","overlay-opacity":"","overlay-gradient":""}},"ast-content-background-meta":{"desktop":{"background-color":"var(--ast-global-color-5)","background-image":"","background-repeat":"repeat","background-position":"center center","background-size":"auto","background-attachment":"scroll","background-type":"","background-media":"","overlay-type":"","overlay-color":"","overlay-opacity":"","overlay-gradient":""},"tablet":{"background-color":"var(--ast-global-color-5)","background-image":"","background-repeat":"repeat","background-position":"center center","background-size":"auto","background-attachment":"scroll","background-type":"","background-media":"","overlay-type":"","overlay-color":"","overlay-opacity":"","overlay-gradient":""},"mobile":{"background-color":"var(--ast-global-color-5)","background-image":"","background-repeat":"repeat","background-position":"center center","background-size":"auto","background-attachment":"scroll","background-type":"","background-media":"","overlay-type":"","overlay-color":"","overlay-opacity":"","overlay-gradient":""}},"footnotes":""},"class_list":["post-403","page","type-page","status-publish","hentry"],"yoast_head":"<!-- This site is optimized with the Yoast SEO plugin v27.3 - https:\/\/yoast.com\/product\/yoast-seo-wordpress\/ -->\n<title>Warranty Policy - Global Security Turnstile Gates Supplier - Daosafe<\/title>\n<meta name=\"robots\" content=\"index, follow, max-snippet:-1, max-image-preview:large, max-video-preview:-1\" \/>\n<link rel=\"canonical\" href=\"https:\/\/www.daosafe.com\/es\/warranty-policy\/\" \/>\n<meta property=\"og:locale\" content=\"es_ES\" \/>\n<meta property=\"og:type\" content=\"article\" \/>\n<meta property=\"og:title\" content=\"Warranty Policy - Global Security Turnstile Gates Supplier - Daosafe\" \/>\n<meta property=\"og:description\" content=\"Warranty Policy Daosafe offer 3 years free warranty During the warranty period, if any problem, we will make every effort to provide you with satisfactory services. To ensure you receive your full product warranty benefits, please read the following parts carefully: We certify as below: Warranty Period:The warranty period of the Turnstile is 3 years [&hellip;]\" \/>\n<meta property=\"og:url\" content=\"https:\/\/www.daosafe.com\/es\/warranty-policy\/\" \/>\n<meta property=\"og:site_name\" content=\"Global Security Turnstile Gates Supplier - Daosafe\" \/>\n<meta property=\"article:modified_time\" content=\"2024-03-27T06:21:05+00:00\" \/>\n<meta name=\"twitter:card\" content=\"summary_large_image\" \/>\n<meta name=\"twitter:label1\" content=\"Tiempo de lectura\" \/>\n\t<meta name=\"twitter:data1\" content=\"1 minuto\" \/>\n<script type=\"application\/ld+json\" class=\"yoast-schema-graph\">{\"@context\":\"https:\\\/\\\/schema.org\",\"@graph\":[{\"@type\":\"WebPage\",\"@id\":\"https:\\\/\\\/www.daosafe.com\\\/warranty-policy\\\/\",\"url\":\"https:\\\/\\\/www.daosafe.com\\\/warranty-policy\\\/\",\"name\":\"Warranty Policy - Global Security Turnstile Gates Supplier - Daosafe\",\"isPartOf\":{\"@id\":\"https:\\\/\\\/www.daosafe.com\\\/#website\"},\"datePublished\":\"2019-07-15T01:56:26+00:00\",\"dateModified\":\"2024-03-27T06:21:05+00:00\",\"breadcrumb\":{\"@id\":\"https:\\\/\\\/www.daosafe.com\\\/warranty-policy\\\/#breadcrumb\"},\"inLanguage\":\"es\",\"potentialAction\":[{\"@type\":\"ReadAction\",\"target\":[\"https:\\\/\\\/www.daosafe.com\\\/warranty-policy\\\/\"]}]},{\"@type\":\"BreadcrumbList\",\"@id\":\"https:\\\/\\\/www.daosafe.com\\\/warranty-policy\\\/#breadcrumb\",\"itemListElement\":[{\"@type\":\"ListItem\",\"position\":1,\"name\":\"Home\",\"item\":\"https:\\\/\\\/www.daosafe.com\\\/\"},{\"@type\":\"ListItem\",\"position\":2,\"name\":\"Warranty Policy\"}]},{\"@type\":\"WebSite\",\"@id\":\"https:\\\/\\\/www.daosafe.com\\\/#website\",\"url\":\"https:\\\/\\\/www.daosafe.com\\\/\",\"name\":\"Global Security Turnstile Gates Supplier - Daosafe\",\"description\":\"We supply full height turnstile, speed gate, tripod turnstile\",\"publisher\":{\"@id\":\"https:\\\/\\\/www.daosafe.com\\\/#organization\"},\"potentialAction\":[{\"@type\":\"SearchAction\",\"target\":{\"@type\":\"EntryPoint\",\"urlTemplate\":\"https:\\\/\\\/www.daosafe.com\\\/?s={search_term_string}\"},\"query-input\":{\"@type\":\"PropertyValueSpecification\",\"valueRequired\":true,\"valueName\":\"search_term_string\"}}],\"inLanguage\":\"es\"},{\"@type\":\"Organization\",\"@id\":\"https:\\\/\\\/www.daosafe.com\\\/#organization\",\"name\":\"Global Security Turnstile Gates Supplier - Daosafe\",\"url\":\"https:\\\/\\\/www.daosafe.com\\\/\",\"logo\":{\"@type\":\"ImageObject\",\"inLanguage\":\"es\",\"@id\":\"https:\\\/\\\/www.daosafe.com\\\/#\\\/schema\\\/logo\\\/image\\\/\",\"url\":\"https:\\\/\\\/www.daosafe.com\\\/wp-content\\\/uploads\\\/2019\\\/07\\\/daosafe-logo.png\",\"contentUrl\":\"https:\\\/\\\/www.daosafe.com\\\/wp-content\\\/uploads\\\/2019\\\/07\\\/daosafe-logo.png\",\"width\":141,\"height\":20,\"caption\":\"Global Security Turnstile Gates Supplier - Daosafe\"},\"image\":{\"@id\":\"https:\\\/\\\/www.daosafe.com\\\/#\\\/schema\\\/logo\\\/image\\\/\"}}]}<\/script>\n<!-- \/ Yoast SEO plugin. -->","yoast_head_json":{"title":"Pol\u00edtica de garant\u00eda - Proveedor global de puertas de torniquete de seguridad - Daosafe","robots":{"index":"index","follow":"follow","max-snippet":"max-snippet:-1","max-image-preview":"max-image-preview:large","max-video-preview":"max-video-preview:-1"},"canonical":"https:\/\/www.daosafe.com\/es\/warranty-policy\/","og_locale":"es_ES","og_type":"article","og_title":"Warranty Policy - Global Security Turnstile Gates Supplier - Daosafe","og_description":"Warranty Policy Daosafe offer 3 years free warranty During the warranty period, if any problem, we will make every effort to provide you with satisfactory services. To ensure you receive your full product warranty benefits, please read the following parts carefully: We certify as below: Warranty Period:The warranty period of the Turnstile is 3 years [&hellip;]","og_url":"https:\/\/www.daosafe.com\/es\/warranty-policy\/","og_site_name":"Global Security Turnstile Gates Supplier - Daosafe","article_modified_time":"2024-03-27T06:21:05+00:00","twitter_card":"summary_large_image","twitter_misc":{"Tiempo de lectura":"1 minuto"},"schema":{"@context":"https:\/\/schema.org","@graph":[{"@type":"WebPage","@id":"https:\/\/www.daosafe.com\/warranty-policy\/","url":"https:\/\/www.daosafe.com\/warranty-policy\/","name":"Pol\u00edtica de garant\u00eda - Proveedor global de puertas de torniquete de seguridad - Daosafe","isPartOf":{"@id":"https:\/\/www.daosafe.com\/#website"},"datePublished":"2019-07-15T01:56:26+00:00","dateModified":"2024-03-27T06:21:05+00:00","breadcrumb":{"@id":"https:\/\/www.daosafe.com\/warranty-policy\/#breadcrumb"},"inLanguage":"es","potentialAction":[{"@type":"ReadAction","target":["https:\/\/www.daosafe.com\/warranty-policy\/"]}]},{"@type":"BreadcrumbList","@id":"https:\/\/www.daosafe.com\/warranty-policy\/#breadcrumb","itemListElement":[{"@type":"ListItem","position":1,"name":"Home","item":"https:\/\/www.daosafe.com\/"},{"@type":"ListItem","position":2,"name":"Warranty Policy"}]},{"@type":"WebSite","@id":"https:\/\/www.daosafe.com\/#website","url":"https:\/\/www.daosafe.com\/","name":"Proveedor de puertas de torniquete de seguridad global - Daosafe","description":"Suministramos torniquete de altura completa, puerta de velocidad, torniquete de tr\u00edpode","publisher":{"@id":"https:\/\/www.daosafe.com\/#organization"},"potentialAction":[{"@type":"SearchAction","target":{"@type":"EntryPoint","urlTemplate":"https:\/\/www.daosafe.com\/?s={search_term_string}"},"query-input":{"@type":"PropertyValueSpecification","valueRequired":true,"valueName":"search_term_string"}}],"inLanguage":"es"},{"@type":"Organization","@id":"https:\/\/www.daosafe.com\/#organization","name":"Proveedor de puertas de torniquete de seguridad global - Daosafe","url":"https:\/\/www.daosafe.com\/","logo":{"@type":"ImageObject","inLanguage":"es","@id":"https:\/\/www.daosafe.com\/#\/schema\/logo\/image\/","url":"https:\/\/www.daosafe.com\/wp-content\/uploads\/2019\/07\/daosafe-logo.png","contentUrl":"https:\/\/www.daosafe.com\/wp-content\/uploads\/2019\/07\/daosafe-logo.png","width":141,"height":20,"caption":"Global Security Turnstile Gates Supplier - Daosafe"},"image":{"@id":"https:\/\/www.daosafe.com\/#\/schema\/logo\/image\/"}}]}},"_links":{"self":[{"href":"https:\/\/www.daosafe.com\/es\/wp-json\/wp\/v2\/pages\/403","targetHints":{"allow":["GET"]}}],"collection":[{"href":"https:\/\/www.daosafe.com\/es\/wp-json\/wp\/v2\/pages"}],"about":[{"href":"https:\/\/www.daosafe.com\/es\/wp-json\/wp\/v2\/types\/page"}],"author":[{"embeddable":true,"href":"https:\/\/www.daosafe.com\/es\/wp-json\/wp\/v2\/users\/1"}],"replies":[{"embeddable":true,"href":"https:\/\/www.daosafe.com\/es\/wp-json\/wp\/v2\/comments?post=403"}],"version-history":[{"count":14,"href":"https:\/\/www.daosafe.com\/es\/wp-json\/wp\/v2\/pages\/403\/revisions"}],"predecessor-version":[{"id":19987,"href":"https:\/\/www.daosafe.com\/es\/wp-json\/wp\/v2\/pages\/403\/revisions\/19987"}],"wp:attachment":[{"href":"https:\/\/www.daosafe.com\/es\/wp-json\/wp\/v2\/media?parent=403"}],"curies":[{"name":"gracias","href":"https:\/\/api.w.org\/{rel}","templated":true}]}}