{"id":8949,"date":"2021-12-29T11:53:36","date_gmt":"2021-12-29T03:53:36","guid":{"rendered":"https:\/\/www.daosafe.com\/?page_id=8949"},"modified":"2024-11-15T14:46:56","modified_gmt":"2024-11-15T06:46:56","slug":"bus-turnstile","status":"publish","type":"page","link":"https:\/\/www.daosafe.com\/pt\/bus-turnstile\/","title":{"rendered":"Catraca de \u00f4nibus"},"content":{"rendered":"<div data-elementor-type=\"wp-post\" data-elementor-id=\"8949\" class=\"elementor elementor-8949\" data-elementor-post-type=\"page\">\n\t\t\t\t\t\t<section class=\"elementor-section elementor-top-section elementor-element elementor-element-5514dd9 elementor-section-height-min-height elementor-section-boxed elementor-section-height-default elementor-section-items-middle\" data-id=\"5514dd9\" data-element_type=\"section\" data-e-type=\"section\" data-settings=\"{&quot;background_background&quot;:&quot;classic&quot;,&quot;shape_divider_bottom&quot;:&quot;zigzag&quot;}\">\n\t\t\t\t\t\t\t<div class=\"elementor-background-overlay\"><\/div>\n\t\t\t\t\t\t<div class=\"elementor-shape elementor-shape-bottom\" aria-hidden=\"true\" data-negative=\"false\">\n\t\t\t<svg xmlns=\"http:\/\/www.w3.org\/2000\/svg\" viewbox=\"0 0 1800 5.8\" preserveaspectratio=\"none\">\n  <path class=\"elementor-shape-fill\" d=\"M5.4.4l5.4 5.3L16.5.4l5.4 5.3L27.5.4 33 5.7 38.6.4l5.5 5.4h.1L49.9.4l5.4 5.3L60.9.4l5.5 5.3L72 .4l5.5 5.3L83.1.4l5.4 5.3L94.1.4l5.5 5.4h.2l5.6-5.4 5.5 5.3 5.6-5.3 5.4 5.3 5.6-5.3 5.5 5.3 5.6-5.3 5.5 5.4h.2l5.6-5.4 5.4 5.3L161 .4l5.4 5.3L172 .4l5.5 5.3 5.6-5.3 5.4 5.3 5.7-5.3 5.4 5.4h.2l5.6-5.4 5.5 5.3 5.6-5.3 5.5 5.3 5.6-5.3 5.4 5.3 5.6-5.3 5.5 5.4h.2l5.6-5.4 5.5 5.3L261 .4l5.4 5.3L272 .4l5.5 5.3 5.6-5.3 5.5 5.3 5.6-5.3 5.5 5.4h.1l5.7-5.4 5.4 5.3 5.6-5.3 5.5 5.3 5.6-5.3 5.4 5.3 5.7-5.3 5.4 5.4h.2l5.6-5.4 5.5 5.3L361 .4l5.5 5.3 5.6-5.3 5.4 5.3 5.6-5.3 5.5 5.3 5.6-5.3 5.5 5.4h.1l5.7-5.4 5.4 5.3 5.6-5.3 5.5 5.3 5.6-5.3 5.5 5.3 5.6-5.3 5.5 5.4h.1l5.6-5.4 5.5 5.3L461 .4l5.5 5.3 5.6-5.3 5.4 5.3 5.7-5.3 5.4 5.3 5.6-5.3 5.5 5.4h.2l5.6-5.4 5.5 5.3 5.6-5.3 5.4 5.3 5.6-5.3 5.5 5.3 5.6-5.3 5.5 5.4h.1L550 .4l5.4 5.3L561 .4l5.5 5.3 5.6-5.3 5.5 5.3 5.6-5.3 5.4 5.3 5.6-5.3 5.5 5.4h.2l5.6-5.4 5.5 5.3 5.6-5.3 5.4 5.3 5.7-5.3 5.4 5.3 5.6-5.3 5.5 5.4h.2L650 .4l5.5 5.3 5.6-5.3 5.4 5.3 5.6-5.3 5.5 5.3 5.6-5.3 5.5 5.3 5.6-5.3 5.4 5.4h.2l5.6-5.4 5.5 5.3 5.6-5.3 5.5 5.3 5.6-5.3 5.4 5.3 5.6-5.3 5.5 5.4h.2L750 .4l5.5 5.3 5.6-5.3 5.4 5.3 5.7-5.3 5.4 5.3 5.6-5.3 5.5 5.3 5.6-5.3 5.5 5.4h.1l5.7-5.4 5.4 5.3 5.6-5.3 5.5 5.3 5.6-5.3 5.5 5.3 5.6-5.3 5.4 5.4h.2L850 .4l5.5 5.3 5.6-5.3 5.5 5.3 5.6-5.3 5.4 5.3 5.6-5.3 5.5 5.3 5.6-5.3 5.5 5.4h.2l5.6-5.4 5.4 5.3 5.7-5.3 5.4 5.3 5.6-5.3 5.5 5.3 5.6-5.3 5.5 5.4h.1l5.7-5.4 5.4 5.3 5.6-5.3 5.5 5.3 5.6-5.3 5.5 5.3 5.6-5.3 5.4 5.3 5.6-5.3 5.5 5.4h.2l5.6-5.4 5.5 5.3 5.6-5.3 5.4 5.3 5.6-5.3 5.5 5.3 5.6-5.3 5.5 5.4h.2l5.6-5.4 5.4 5.3 5.7-5.3 5.4 5.3 5.6-5.3 5.5 5.3 5.6-5.3 5.5 5.3 5.6-5.3 5.4 5.4h.2l5.6-5.4 5.5 5.3 5.6-5.3 5.5 5.3 5.6-5.3 5.4 5.3 5.6-5.3 5.5 5.4h.2l5.6-5.4 5.5 5.3 5.6-5.3 5.4 5.3 5.6-5.3 5.5 5.3 5.6-5.3 5.5 5.3 5.6-5.3 5.5 5.4h.1l5.7-5.4 5.4 5.3 5.6-5.3 5.5 5.3 5.6-5.3 5.5 5.3 5.6-5.3 5.4 5.4h.2l5.6-5.4 5.5 5.3 5.6-5.3 5.5 5.3 5.6-5.3 5.4 5.3 5.6-5.3 5.5 5.3 5.6-5.3 5.5 5.4h.2l5.6-5.4 5.4 5.3 5.6-5.3 5.5 5.3 5.6-5.3 5.5 5.3 5.6-5.3 5.5 5.4h.1l5.7-5.4 5.4 5.3 5.6-5.3 5.5 5.3 5.6-5.3 5.5 5.3 5.6-5.3 5.4 5.3 5.6-5.3 5.5 5.4h.2l5.6-5.4 5.5 5.3 5.6-5.3 5.4 5.3 5.6-5.3 5.5 5.3 5.6-5.3 5.5 5.4h.2l5.6-5.4 5.4 5.3 5.6-5.3 5.5 5.3 5.6-5.3 5.5 5.3 5.6-5.3 5.4 5.3 5.7-5.3 5.4 5.4h.2l5.6-5.4 5.5 5.3 5.6-5.3 5.5 5.3 5.6-5.3 5.4 5.3 5.6-5.3 5.5 5.4h.2l5.6-5.4 5.5 5.3 5.6-5.3 5.4 5.3 5.6-5.3 5.5 5.3 5.6-5.3 5.5 5.3 5.6-5.3 5.5 5.4h.1l5.6-5.4 5.5 5.3 5.6-5.3 5.5 5.3 5.6-5.3 5.4 5.3 5.7-5.3 5.4 5.4h.2l5.6-5.4 5.5 5.3 5.6-5.3 5.5 5.3 5.6-5.3 5.4 5.3 5.6-5.3 5.5 5.3 5.6-5.3 5.5 5.4h.1l5.7-5.4 5.4 5.3 5.6-5.3 5.5 5.3 5.6-5.3 5.5 5.3 5.6-5.3 5.5 5.4h.1l5.6-5.4 5.5 5.3 5.6-5.3 5.5 5.3 5.6-5.3 5.4 5.3 5.7-5.3 5.4 5.3 5.6-5.3 5.5 5.4V0H-.2v5.8z\"\/>\n<\/svg>\n\t\t<\/div>\n\t\t\t\t\t<div class=\"elementor-container elementor-column-gap-default\">\n\t\t\t\t\t<div class=\"elementor-column elementor-col-100 elementor-top-column elementor-element elementor-element-f9da3c6\" data-id=\"f9da3c6\" data-element_type=\"column\" data-e-type=\"column\">\n\t\t\t<div class=\"elementor-widget-wrap elementor-element-populated\">\n\t\t\t\t\t\t<div class=\"elementor-element elementor-element-de9408e elementor-widget elementor-widget-heading\" data-id=\"de9408e\" data-element_type=\"widget\" data-e-type=\"widget\" data-widget_type=\"heading.default\">\n\t\t\t\t<div class=\"elementor-widget-container\">\n\t\t\t\t\t<h1 class=\"elementor-heading-title elementor-size-default\">Catraca de \u00f4nibus<\/h1>\t\t\t\t<\/div>\n\t\t\t\t<\/div>\n\t\t\t\t\t<\/div>\n\t\t<\/div>\n\t\t\t\t\t<\/div>\n\t\t<\/section>\n\t\t\t\t<section class=\"elementor-section elementor-top-section elementor-element elementor-element-168b3ba elementor-section-boxed elementor-section-height-default elementor-section-height-default\" data-id=\"168b3ba\" data-element_type=\"section\" data-e-type=\"section\">\n\t\t\t\t\t\t<div class=\"elementor-container elementor-column-gap-default\">\n\t\t\t\t\t<div class=\"elementor-column elementor-col-50 elementor-top-column elementor-element elementor-element-254dde5\" data-id=\"254dde5\" data-element_type=\"column\" data-e-type=\"column\" data-settings=\"{&quot;background_background&quot;:&quot;classic&quot;}\">\n\t\t\t<div class=\"elementor-widget-wrap elementor-element-populated\">\n\t\t\t\t\t\t<div class=\"elementor-element elementor-element-31a2320 elementor-widget elementor-widget-heading\" data-id=\"31a2320\" data-element_type=\"widget\" data-e-type=\"widget\" data-widget_type=\"heading.default\">\n\t\t\t\t<div class=\"elementor-widget-container\">\n\t\t\t\t\t<h3 class=\"elementor-heading-title elementor-size-default\">Categorias<\/h3>\t\t\t\t<\/div>\n\t\t\t\t<\/div>\n\t\t\t\t<div class=\"elementor-element elementor-element-5316228 elementor-widget elementor-widget-text-editor\" data-id=\"5316228\" data-element_type=\"widget\" data-e-type=\"widget\" data-widget_type=\"text-editor.default\">\n\t\t\t\t<div class=\"elementor-widget-container\">\n\t\t\t\t\t\t\t\t\t<p><a href=\"https:\/\/www.daosafe.com\/pt\/quantum-turnstile\/\">\u2013 Catraca Qu\u00e2ntica<\/a><\/p><p><a href=\"https:\/\/www.daosafe.com\/pt\/nebula-turnstile\/\">\u2013 Catraca Nebulosa<\/a><\/p><p><a href=\"https:\/\/www.daosafe.com\/pt\/stark-turnstile\/\">- Torniquete Stark<\/a><\/p><p><a href=\"https:\/\/www.daosafe.com\/pt\/classics-turnstile\/\">\u2013 Catraca Cl\u00e1ssico<\/a><\/p><p><a href=\"https:\/\/www.daosafe.com\/pt\/transformer-turnstile\/\">- Torniquete do transformador<\/a><\/p><p><a href=\"https:\/\/www.daosafe.com\/pt\/full-height-turnstile\/\">- Torniquete de altura total<\/a><\/p><p><a href=\"https:\/\/www.daosafe.com\/pt\/speed-gate\/\">- Port\u00e3o de velocidade<\/a><\/p><p><a href=\"https:\/\/www.daosafe.com\/pt\/speed-gate-high-glass\/\">\u2013 Vidro Alto Speed Gate<\/a><\/p><p><a href=\"https:\/\/www.daosafe.com\/pt\/optical-swing-turnstile\/\">- Torniquete \u00d3ptico<\/a><\/p><p><a href=\"https:\/\/www.daosafe.com\/pt\/optical-flap-turnstile\/\">- Torniquete com aba \u00f3ptica<\/a><\/p><p><a href=\"https:\/\/www.daosafe.com\/pt\/tripod-turnstile\/\">- Catraca de trip\u00e9<\/a><\/p><p><a href=\"https:\/\/www.daosafe.com\/pt\/portable-turnstile\/\">\u2013 Catraca port\u00e1til<\/a><\/p><p><strong>\u2013 Catraca de \u00f4nibus<\/strong><\/p><p><a href=\"https:\/\/www.daosafe.com\/pt\/accessories\/\">\u2013 Acess\u00f3rios<\/a><\/p>\t\t\t\t\t\t\t\t<\/div>\n\t\t\t\t<\/div>\n\t\t\t\t\t<\/div>\n\t\t<\/div>\n\t\t\t\t<div class=\"elementor-column elementor-col-50 elementor-top-column elementor-element elementor-element-4fe6de5\" data-id=\"4fe6de5\" data-element_type=\"column\" data-e-type=\"column\" data-settings=\"{&quot;background_background&quot;:&quot;classic&quot;}\">\n\t\t\t<div class=\"elementor-widget-wrap elementor-element-populated\">\n\t\t\t\t\t\t<div class=\"elementor-element elementor-element-e5593df elementor-widget elementor-widget-text-editor\" data-id=\"e5593df\" data-element_type=\"widget\" data-e-type=\"widget\" data-widget_type=\"text-editor.default\">\n\t\t\t\t<div class=\"elementor-widget-container\">\n\t\t\t\t\t\t\t\t\t<p>Com um tamanho pequeno, estrutura simples \u00e9 ideal para instalar diretamente no interior do \u00f4nibus. Abre automaticamente, sem necessidade de tocar no bra\u00e7o. Atenda \u00e0 demanda sem contato.<\/p>\t\t\t\t\t\t\t\t<\/div>\n\t\t\t\t<\/div>\n\t\t\t\t<section class=\"elementor-section elementor-inner-section elementor-element elementor-element-9439d27 elementor-section-boxed elementor-section-height-default elementor-section-height-default\" data-id=\"9439d27\" data-element_type=\"section\" data-e-type=\"section\">\n\t\t\t\t\t\t<div class=\"elementor-container elementor-column-gap-default\">\n\t\t\t\t\t<div class=\"elementor-column elementor-col-50 elementor-inner-column elementor-element elementor-element-4381c06\" data-id=\"4381c06\" data-element_type=\"column\" data-e-type=\"column\">\n\t\t\t<div class=\"elementor-widget-wrap elementor-element-populated\">\n\t\t\t\t\t\t<div class=\"elementor-element elementor-element-766ae05 elementor-position-top elementor-widget elementor-widget-image-box\" data-id=\"766ae05\" data-element_type=\"widget\" data-e-type=\"widget\" data-widget_type=\"image-box.default\">\n\t\t\t\t<div class=\"elementor-widget-container\">\n\t\t\t\t\t<div class=\"elementor-image-box-wrapper\"><figure class=\"elementor-image-box-img\"><a href=\"https:\/\/www.daosafe.com\/pt\/bus-turnstile-ds5000\/\" tabindex=\"-1\"><img fetchpriority=\"high\" decoding=\"async\" width=\"500\" height=\"500\" src=\"https:\/\/www.daosafe.com\/wp-content\/uploads\/2024\/11\/bus-turnstile-ds5000-yellow.jpg\" class=\"elementor-animation-sink attachment-full size-full wp-image-21430\" alt=\"\" srcset=\"https:\/\/www.daosafe.com\/wp-content\/uploads\/2024\/11\/bus-turnstile-ds5000-yellow.jpg 500w, https:\/\/www.daosafe.com\/wp-content\/uploads\/2024\/11\/bus-turnstile-ds5000-yellow-300x300.jpg 300w, https:\/\/www.daosafe.com\/wp-content\/uploads\/2024\/11\/bus-turnstile-ds5000-yellow-150x150.jpg 150w, https:\/\/www.daosafe.com\/wp-content\/uploads\/2024\/11\/bus-turnstile-ds5000-yellow-12x12.jpg 12w\" sizes=\"(max-width: 500px) 100vw, 500px\" \/><\/a><\/figure><div class=\"elementor-image-box-content\"><h3 class=\"elementor-image-box-title\"><a href=\"https:\/\/www.daosafe.com\/pt\/bus-turnstile-ds5000\/\">DS5000<\/a><\/h3><p class=\"elementor-image-box-description\">Catraca de \u00f4nibus<\/p><\/div><\/div>\t\t\t\t<\/div>\n\t\t\t\t<\/div>\n\t\t\t\t<div class=\"elementor-element elementor-element-dbf4f8b elementor-hidden-desktop elementor-hidden-tablet elementor-hidden-mobile elementor-position-top elementor-widget elementor-widget-image-box\" data-id=\"dbf4f8b\" data-element_type=\"widget\" data-e-type=\"widget\" data-widget_type=\"image-box.default\">\n\t\t\t\t<div class=\"elementor-widget-container\">\n\t\t\t\t\t<div class=\"elementor-image-box-wrapper\"><figure class=\"elementor-image-box-img\"><a href=\"https:\/\/www.daosafe.com\/pt\/bus-turnstile-ds4000\/\" tabindex=\"-1\"><img decoding=\"async\" width=\"500\" height=\"500\" src=\"https:\/\/www.daosafe.com\/wp-content\/uploads\/2021\/12\/Daosafe-DS4000-bus-turnstile.png\" class=\"elementor-animation-sink attachment-full size-full wp-image-8954\" alt=\"catraca de \u00f4nibus Daosafe DS4000\" srcset=\"https:\/\/www.daosafe.com\/wp-content\/uploads\/2021\/12\/Daosafe-DS4000-bus-turnstile.png 500w, https:\/\/www.daosafe.com\/wp-content\/uploads\/2021\/12\/Daosafe-DS4000-bus-turnstile-300x300.png 300w, https:\/\/www.daosafe.com\/wp-content\/uploads\/2021\/12\/Daosafe-DS4000-bus-turnstile-150x150.png 150w\" sizes=\"(max-width: 500px) 100vw, 500px\" \/><\/a><\/figure><div class=\"elementor-image-box-content\"><h3 class=\"elementor-image-box-title\"><a href=\"https:\/\/www.daosafe.com\/pt\/bus-turnstile-ds4000\/\">DS4000<\/a><\/h3><p class=\"elementor-image-box-description\">Catraca de \u00f4nibus<\/p><\/div><\/div>\t\t\t\t<\/div>\n\t\t\t\t<\/div>\n\t\t\t\t\t<\/div>\n\t\t<\/div>\n\t\t\t\t<div class=\"elementor-column elementor-col-50 elementor-inner-column elementor-element elementor-element-0090dc3\" data-id=\"0090dc3\" data-element_type=\"column\" data-e-type=\"column\">\n\t\t\t<div class=\"elementor-widget-wrap elementor-element-populated\">\n\t\t\t\t\t\t<div class=\"elementor-element elementor-element-fa21de6 elementor-position-top elementor-widget elementor-widget-image-box\" data-id=\"fa21de6\" data-element_type=\"widget\" data-e-type=\"widget\" data-widget_type=\"image-box.default\">\n\t\t\t\t<div class=\"elementor-widget-container\">\n\t\t\t\t\t<div class=\"elementor-image-box-wrapper\"><figure class=\"elementor-image-box-img\"><a href=\"https:\/\/www.daosafe.com\/pt\/bus-turnstile-ds5000\/\" tabindex=\"-1\"><img decoding=\"async\" width=\"500\" height=\"500\" src=\"https:\/\/www.daosafe.com\/wp-content\/uploads\/2024\/11\/bus-turnstile-ds5000-black.jpg\" class=\"elementor-animation-sink attachment-full size-full wp-image-21431\" alt=\"\" srcset=\"https:\/\/www.daosafe.com\/wp-content\/uploads\/2024\/11\/bus-turnstile-ds5000-black.jpg 500w, https:\/\/www.daosafe.com\/wp-content\/uploads\/2024\/11\/bus-turnstile-ds5000-black-300x300.jpg 300w, https:\/\/www.daosafe.com\/wp-content\/uploads\/2024\/11\/bus-turnstile-ds5000-black-150x150.jpg 150w, https:\/\/www.daosafe.com\/wp-content\/uploads\/2024\/11\/bus-turnstile-ds5000-black-12x12.jpg 12w\" sizes=\"(max-width: 500px) 100vw, 500px\" \/><\/a><\/figure><div class=\"elementor-image-box-content\"><h3 class=\"elementor-image-box-title\"><a href=\"https:\/\/www.daosafe.com\/pt\/bus-turnstile-ds5000\/\">DS5000<\/a><\/h3><p class=\"elementor-image-box-description\">Catraca de \u00f4nibus<\/p><\/div><\/div>\t\t\t\t<\/div>\n\t\t\t\t<\/div>\n\t\t\t\t\t<\/div>\n\t\t<\/div>\n\t\t\t\t\t<\/div>\n\t\t<\/section>\n\t\t\t\t\t<\/div>\n\t\t<\/div>\n\t\t\t\t\t<\/div>\n\t\t<\/section>\n\t\t\t\t<\/div>","protected":false},"excerpt":{"rendered":"<p>Bus Turnstile Categories &#8211; Quantum Turnstile &#8211; Nebula Turnstile &#8211; Stark Turnstile &#8211; Classics Turnstile &#8211; Transformer Turnstile &#8211; Full Height Turnstile &#8211; Speed Gate &#8211; Speed Gate High Glass &#8211; Optical Swing Turnstile &#8211; Optical Flap Turnstile &#8211; Tripod Turnstile &#8211; Portable Turnstile &#8211; Bus Turnstile &#8211; Accessories With a small size, simple structure [&hellip;]<\/p>\n","protected":false},"author":1,"featured_media":0,"parent":0,"menu_order":0,"comment_status":"closed","ping_status":"closed","template":"","meta":{"site-sidebar-layout":"no-sidebar","site-content-layout":"page-builder","ast-site-content-layout":"default","site-content-style":"default","site-sidebar-style":"default","ast-global-header-display":"","ast-banner-title-visibility":"","ast-main-header-display":"","ast-hfb-above-header-display":"","ast-hfb-below-header-display":"","ast-hfb-mobile-header-display":"","site-post-title":"disabled","ast-breadcrumbs-content":"","ast-featured-img":"disabled","footer-sml-layout":"","ast-disable-related-posts":"","theme-transparent-header-meta":"enabled","adv-header-id-meta":"","stick-header-meta":"enabled","header-above-stick-meta":"","header-main-stick-meta":"on","header-below-stick-meta":"","astra-migrate-meta-layouts":"default","ast-page-background-enabled":"default","ast-page-background-meta":{"desktop":{"background-color":"","background-image":"","background-repeat":"repeat","background-position":"center center","background-size":"auto","background-attachment":"scroll","background-type":"","background-media":"","overlay-type":"","overlay-color":"","overlay-opacity":"","overlay-gradient":""},"tablet":{"background-color":"","background-image":"","background-repeat":"repeat","background-position":"center center","background-size":"auto","background-attachment":"scroll","background-type":"","background-media":"","overlay-type":"","overlay-color":"","overlay-opacity":"","overlay-gradient":""},"mobile":{"background-color":"","background-image":"","background-repeat":"repeat","background-position":"center center","background-size":"auto","background-attachment":"scroll","background-type":"","background-media":"","overlay-type":"","overlay-color":"","overlay-opacity":"","overlay-gradient":""}},"ast-content-background-meta":{"desktop":{"background-color":"var(--ast-global-color-5)","background-image":"","background-repeat":"repeat","background-position":"center center","background-size":"auto","background-attachment":"scroll","background-type":"","background-media":"","overlay-type":"","overlay-color":"","overlay-opacity":"","overlay-gradient":""},"tablet":{"background-color":"var(--ast-global-color-5)","background-image":"","background-repeat":"repeat","background-position":"center center","background-size":"auto","background-attachment":"scroll","background-type":"","background-media":"","overlay-type":"","overlay-color":"","overlay-opacity":"","overlay-gradient":""},"mobile":{"background-color":"var(--ast-global-color-5)","background-image":"","background-repeat":"repeat","background-position":"center center","background-size":"auto","background-attachment":"scroll","background-type":"","background-media":"","overlay-type":"","overlay-color":"","overlay-opacity":"","overlay-gradient":""}},"footnotes":""},"class_list":["post-8949","page","type-page","status-publish","hentry"],"yoast_head":"<!-- This site is optimized with the Yoast SEO plugin v27.3 - https:\/\/yoast.com\/product\/yoast-seo-wordpress\/ -->\n<title>Bus Turnstile - Global Security Turnstile Gates Supplier - Daosafe<\/title>\n<meta name=\"robots\" content=\"index, follow, max-snippet:-1, max-image-preview:large, max-video-preview:-1\" \/>\n<link rel=\"canonical\" href=\"https:\/\/www.daosafe.com\/pt\/bus-turnstile\/\" \/>\n<meta property=\"og:locale\" content=\"pt_PT\" \/>\n<meta property=\"og:type\" content=\"article\" \/>\n<meta property=\"og:title\" content=\"Bus Turnstile - Global Security Turnstile Gates Supplier - Daosafe\" \/>\n<meta property=\"og:description\" content=\"Bus Turnstile Categories &#8211; Quantum Turnstile &#8211; Nebula Turnstile &#8211; Stark Turnstile &#8211; Classics Turnstile &#8211; Transformer Turnstile &#8211; Full Height Turnstile &#8211; Speed Gate &#8211; Speed Gate High Glass &#8211; Optical Swing Turnstile &#8211; Optical Flap Turnstile &#8211; Tripod Turnstile &#8211; Portable Turnstile &#8211; Bus Turnstile &#8211; Accessories With a small size, simple structure [&hellip;]\" \/>\n<meta property=\"og:url\" content=\"https:\/\/www.daosafe.com\/pt\/bus-turnstile\/\" \/>\n<meta property=\"og:site_name\" content=\"Global Security Turnstile Gates Supplier - Daosafe\" \/>\n<meta property=\"article:modified_time\" content=\"2024-11-15T06:46:56+00:00\" \/>\n<meta property=\"og:image\" content=\"https:\/\/www.daosafe.com\/wp-content\/uploads\/2024\/11\/bus-turnstile-ds5000-yellow.jpg\" \/>\n\t<meta property=\"og:image:width\" content=\"500\" \/>\n\t<meta property=\"og:image:height\" content=\"500\" \/>\n\t<meta property=\"og:image:type\" content=\"image\/jpeg\" \/>\n<meta name=\"twitter:card\" content=\"summary_large_image\" \/>\n<meta name=\"twitter:label1\" content=\"Tempo estimado de leitura\" \/>\n\t<meta name=\"twitter:data1\" content=\"1 minuto\" \/>\n<script type=\"application\/ld+json\" class=\"yoast-schema-graph\">{\"@context\":\"https:\\\/\\\/schema.org\",\"@graph\":[{\"@type\":\"WebPage\",\"@id\":\"https:\\\/\\\/www.daosafe.com\\\/bus-turnstile\\\/\",\"url\":\"https:\\\/\\\/www.daosafe.com\\\/bus-turnstile\\\/\",\"name\":\"Bus Turnstile - Global Security Turnstile Gates Supplier - Daosafe\",\"isPartOf\":{\"@id\":\"https:\\\/\\\/www.daosafe.com\\\/#website\"},\"primaryImageOfPage\":{\"@id\":\"https:\\\/\\\/www.daosafe.com\\\/bus-turnstile\\\/#primaryimage\"},\"image\":{\"@id\":\"https:\\\/\\\/www.daosafe.com\\\/bus-turnstile\\\/#primaryimage\"},\"thumbnailUrl\":\"https:\\\/\\\/www.daosafe.com\\\/wp-content\\\/uploads\\\/2024\\\/11\\\/bus-turnstile-ds5000-yellow.jpg\",\"datePublished\":\"2021-12-29T03:53:36+00:00\",\"dateModified\":\"2024-11-15T06:46:56+00:00\",\"breadcrumb\":{\"@id\":\"https:\\\/\\\/www.daosafe.com\\\/bus-turnstile\\\/#breadcrumb\"},\"inLanguage\":\"pt-PT\",\"potentialAction\":[{\"@type\":\"ReadAction\",\"target\":[\"https:\\\/\\\/www.daosafe.com\\\/bus-turnstile\\\/\"]}]},{\"@type\":\"ImageObject\",\"inLanguage\":\"pt-PT\",\"@id\":\"https:\\\/\\\/www.daosafe.com\\\/bus-turnstile\\\/#primaryimage\",\"url\":\"https:\\\/\\\/www.daosafe.com\\\/wp-content\\\/uploads\\\/2024\\\/11\\\/bus-turnstile-ds5000-yellow.jpg\",\"contentUrl\":\"https:\\\/\\\/www.daosafe.com\\\/wp-content\\\/uploads\\\/2024\\\/11\\\/bus-turnstile-ds5000-yellow.jpg\"},{\"@type\":\"BreadcrumbList\",\"@id\":\"https:\\\/\\\/www.daosafe.com\\\/bus-turnstile\\\/#breadcrumb\",\"itemListElement\":[{\"@type\":\"ListItem\",\"position\":1,\"name\":\"Home\",\"item\":\"https:\\\/\\\/www.daosafe.com\\\/\"},{\"@type\":\"ListItem\",\"position\":2,\"name\":\"Bus Turnstile\"}]},{\"@type\":\"WebSite\",\"@id\":\"https:\\\/\\\/www.daosafe.com\\\/#website\",\"url\":\"https:\\\/\\\/www.daosafe.com\\\/\",\"name\":\"Global Security Turnstile Gates Supplier - Daosafe\",\"description\":\"We supply full height turnstile, speed gate, tripod turnstile\",\"publisher\":{\"@id\":\"https:\\\/\\\/www.daosafe.com\\\/#organization\"},\"potentialAction\":[{\"@type\":\"SearchAction\",\"target\":{\"@type\":\"EntryPoint\",\"urlTemplate\":\"https:\\\/\\\/www.daosafe.com\\\/?s={search_term_string}\"},\"query-input\":{\"@type\":\"PropertyValueSpecification\",\"valueRequired\":true,\"valueName\":\"search_term_string\"}}],\"inLanguage\":\"pt-PT\"},{\"@type\":\"Organization\",\"@id\":\"https:\\\/\\\/www.daosafe.com\\\/#organization\",\"name\":\"Global Security Turnstile Gates Supplier - Daosafe\",\"url\":\"https:\\\/\\\/www.daosafe.com\\\/\",\"logo\":{\"@type\":\"ImageObject\",\"inLanguage\":\"pt-PT\",\"@id\":\"https:\\\/\\\/www.daosafe.com\\\/#\\\/schema\\\/logo\\\/image\\\/\",\"url\":\"https:\\\/\\\/www.daosafe.com\\\/wp-content\\\/uploads\\\/2019\\\/07\\\/daosafe-logo.png\",\"contentUrl\":\"https:\\\/\\\/www.daosafe.com\\\/wp-content\\\/uploads\\\/2019\\\/07\\\/daosafe-logo.png\",\"width\":141,\"height\":20,\"caption\":\"Global Security Turnstile Gates Supplier - Daosafe\"},\"image\":{\"@id\":\"https:\\\/\\\/www.daosafe.com\\\/#\\\/schema\\\/logo\\\/image\\\/\"}}]}<\/script>\n<!-- \/ Yoast SEO plugin. -->","yoast_head_json":{"title":"Catraca de \u00f4nibus - Fornecedor global de port\u00f5es de catraca de seguran\u00e7a - Daosafe","robots":{"index":"index","follow":"follow","max-snippet":"max-snippet:-1","max-image-preview":"max-image-preview:large","max-video-preview":"max-video-preview:-1"},"canonical":"https:\/\/www.daosafe.com\/pt\/bus-turnstile\/","og_locale":"pt_PT","og_type":"article","og_title":"Bus Turnstile - Global Security Turnstile Gates Supplier - Daosafe","og_description":"Bus Turnstile Categories &#8211; Quantum Turnstile &#8211; Nebula Turnstile &#8211; Stark Turnstile &#8211; Classics Turnstile &#8211; Transformer Turnstile &#8211; Full Height Turnstile &#8211; Speed Gate &#8211; Speed Gate High Glass &#8211; Optical Swing Turnstile &#8211; Optical Flap Turnstile &#8211; Tripod Turnstile &#8211; Portable Turnstile &#8211; Bus Turnstile &#8211; Accessories With a small size, simple structure [&hellip;]","og_url":"https:\/\/www.daosafe.com\/pt\/bus-turnstile\/","og_site_name":"Global Security Turnstile Gates Supplier - Daosafe","article_modified_time":"2024-11-15T06:46:56+00:00","og_image":[{"width":500,"height":500,"url":"https:\/\/www.daosafe.com\/wp-content\/uploads\/2024\/11\/bus-turnstile-ds5000-yellow.jpg","type":"image\/jpeg"}],"twitter_card":"summary_large_image","twitter_misc":{"Tempo estimado de leitura":"1 minuto"},"schema":{"@context":"https:\/\/schema.org","@graph":[{"@type":"WebPage","@id":"https:\/\/www.daosafe.com\/bus-turnstile\/","url":"https:\/\/www.daosafe.com\/bus-turnstile\/","name":"Catraca de \u00f4nibus - Fornecedor global de port\u00f5es de catraca de seguran\u00e7a - Daosafe","isPartOf":{"@id":"https:\/\/www.daosafe.com\/#website"},"primaryImageOfPage":{"@id":"https:\/\/www.daosafe.com\/bus-turnstile\/#primaryimage"},"image":{"@id":"https:\/\/www.daosafe.com\/bus-turnstile\/#primaryimage"},"thumbnailUrl":"https:\/\/www.daosafe.com\/wp-content\/uploads\/2024\/11\/bus-turnstile-ds5000-yellow.jpg","datePublished":"2021-12-29T03:53:36+00:00","dateModified":"2024-11-15T06:46:56+00:00","breadcrumb":{"@id":"https:\/\/www.daosafe.com\/bus-turnstile\/#breadcrumb"},"inLanguage":"pt-PT","potentialAction":[{"@type":"ReadAction","target":["https:\/\/www.daosafe.com\/bus-turnstile\/"]}]},{"@type":"ImageObject","inLanguage":"pt-PT","@id":"https:\/\/www.daosafe.com\/bus-turnstile\/#primaryimage","url":"https:\/\/www.daosafe.com\/wp-content\/uploads\/2024\/11\/bus-turnstile-ds5000-yellow.jpg","contentUrl":"https:\/\/www.daosafe.com\/wp-content\/uploads\/2024\/11\/bus-turnstile-ds5000-yellow.jpg"},{"@type":"BreadcrumbList","@id":"https:\/\/www.daosafe.com\/bus-turnstile\/#breadcrumb","itemListElement":[{"@type":"ListItem","position":1,"name":"Home","item":"https:\/\/www.daosafe.com\/"},{"@type":"ListItem","position":2,"name":"Bus Turnstile"}]},{"@type":"WebSite","@id":"https:\/\/www.daosafe.com\/#website","url":"https:\/\/www.daosafe.com\/","name":"Fornecedor global de port\u00f5es de catraca de seguran\u00e7a - Daosafe","description":"N\u00f3s fornecemos catraca de altura total, port\u00e3o de velocidade, catraca de trip\u00e9","publisher":{"@id":"https:\/\/www.daosafe.com\/#organization"},"potentialAction":[{"@type":"SearchAction","target":{"@type":"EntryPoint","urlTemplate":"https:\/\/www.daosafe.com\/?s={search_term_string}"},"query-input":{"@type":"PropertyValueSpecification","valueRequired":true,"valueName":"search_term_string"}}],"inLanguage":"pt-PT"},{"@type":"Organization","@id":"https:\/\/www.daosafe.com\/#organization","name":"Fornecedor global de port\u00f5es de catraca de seguran\u00e7a - Daosafe","url":"https:\/\/www.daosafe.com\/","logo":{"@type":"ImageObject","inLanguage":"pt-PT","@id":"https:\/\/www.daosafe.com\/#\/schema\/logo\/image\/","url":"https:\/\/www.daosafe.com\/wp-content\/uploads\/2019\/07\/daosafe-logo.png","contentUrl":"https:\/\/www.daosafe.com\/wp-content\/uploads\/2019\/07\/daosafe-logo.png","width":141,"height":20,"caption":"Global Security Turnstile Gates Supplier - Daosafe"},"image":{"@id":"https:\/\/www.daosafe.com\/#\/schema\/logo\/image\/"}}]}},"_links":{"self":[{"href":"https:\/\/www.daosafe.com\/pt\/wp-json\/wp\/v2\/pages\/8949","targetHints":{"allow":["GET"]}}],"collection":[{"href":"https:\/\/www.daosafe.com\/pt\/wp-json\/wp\/v2\/pages"}],"about":[{"href":"https:\/\/www.daosafe.com\/pt\/wp-json\/wp\/v2\/types\/page"}],"author":[{"embeddable":true,"href":"https:\/\/www.daosafe.com\/pt\/wp-json\/wp\/v2\/users\/1"}],"replies":[{"embeddable":true,"href":"https:\/\/www.daosafe.com\/pt\/wp-json\/wp\/v2\/comments?post=8949"}],"version-history":[{"count":43,"href":"https:\/\/www.daosafe.com\/pt\/wp-json\/wp\/v2\/pages\/8949\/revisions"}],"predecessor-version":[{"id":21434,"href":"https:\/\/www.daosafe.com\/pt\/wp-json\/wp\/v2\/pages\/8949\/revisions\/21434"}],"wp:attachment":[{"href":"https:\/\/www.daosafe.com\/pt\/wp-json\/wp\/v2\/media?parent=8949"}],"curies":[{"name":"wp","href":"https:\/\/api.w.org\/{rel}","templated":true}]}}